{"id":19,"date":"2016-09-26T02:12:09","date_gmt":"2016-09-26T02:12:09","guid":{"rendered":"http:\/\/sw-themes.com\/porto_dummy\/?page_id=19"},"modified":"2023-11-20T12:11:10","modified_gmt":"2023-11-20T09:11:10","slug":"insurance","status":"publish","type":"page","link":"https:\/\/nobetcimedikal.co\/index.php\/insurance\/","title":{"rendered":"Insurance"},"content":{"rendered":"\t\t<div data-elementor-type=\"wp-page\" data-elementor-id=\"19\" class=\"elementor elementor-19\">\n\t\t\t\t\t\t\t\t\t<section class=\"elementor-section elementor-top-section elementor-element elementor-element-60ee45e6 elementor-section-boxed elementor-section-height-default elementor-section-height-default\" data-id=\"60ee45e6\" data-element_type=\"section\">\r\n\t\t\r\n\t\t\t\t\t\t\t<div class=\"elementor-container elementor-column-gap-default\">\r\n\t\t\t\t\t\t\t\t\t\t\t<div class=\"elementor-column elementor-col-100 elementor-top-column elementor-element elementor-element-1ee1c0de\" data-id=\"1ee1c0de\" data-element_type=\"column\">\r\n\t\t\t\t\t<div class=\"elementor-widget-wrap elementor-element-populated\">\r\n\t\t\t\t\t\t\t\t<div class=\"elementor-element elementor-element-208fef1 elementor-invisible elementor-widget elementor-widget-porto_ultimate_heading\" data-id=\"208fef1\" data-element_type=\"widget\" data-settings=\"{&quot;_animation&quot;:&quot;fadeIn&quot;}\" data-widget_type=\"porto_ultimate_heading.default\">\n\t\t\t\t<div class=\"elementor-widget-container\">\n\t\t\t<div class=\"porto-u-heading  porto-u-2483\"><div class=\"porto-u-main-heading\"><h2    style=\"margin-bottom: 16px;\">Medikal \u00dcr\u00fcn Markalar\u0131 <\/h2><\/div><div class=\"porto-u-sub-heading\" style=\"margin-bottom:18px;\"><p>Medikal \u00fcr\u00fcnler geni\u015f bir yelpazede \u00fcr\u00fcnleri kapsar, bu nedenle markalar da \u00e7e\u015fitli kategorilerde bulunabilir. A\u015fa\u011f\u0131da, \u00e7e\u015fitli medikal \u00fcr\u00fcn kategorilerinde tan\u0131nm\u0131\u015f markalardan baz\u0131lar\u0131 verilmi\u015ftir. Ancak, l\u00fctfen unutmay\u0131n ki bu bilgiler 2022'nin sonuna kadar olan verilere dayanmaktad\u0131r ve marka listesi zaman i\u00e7inde de\u011fi\u015febilir:<\/p><ol><li><p><strong>T\u0131bbi Cihazlar:<\/strong><\/p><ul><li>Siemens Healthineers<\/li><li>General Electric (GE) Healthcare<\/li><li>Philips Healthcare<\/li><li>Medtronic<\/li><li>Abbott Laboratories<\/li><\/ul><\/li><li><p><strong>\u0130la\u00e7lar ve \u0130la\u00e7 \u015eirketleri:<\/strong><\/p><ul><li>Pfizer<\/li><li>Novartis<\/li><li>Roche<\/li><li>Johnson &amp; Johnson<\/li><li>GlaxoSmithKline (GSK)<\/li><\/ul><\/li><li><p><strong>T\u0131bbi Sarf Malzemeleri:<\/strong><\/p><ul><li>3M Health Care<\/li><li>Becton, Dickinson and Company (BD)<\/li><li>Johnson &amp; Johnson (Cilag)<\/li><li>Cardinal Health<\/li><li>Kimberly-Clark Healthcare<\/li><\/ul><\/li><li><p><strong>Optik ve G\u00f6z Sa\u011fl\u0131\u011f\u0131:<\/strong><\/p><ul><li>EssilorLuxottica<\/li><li>Alcon<\/li><li>Bausch + Lomb<\/li><li>Zeiss<\/li><li>CooperVision<\/li><\/ul><\/li><li><p><strong>Dental Sa\u011fl\u0131k:<\/strong><\/p><ul><li>Dentsply Sirona<\/li><li>Henry Schein<\/li><li>Straumann<\/li><li>Colgate-Palmolive<\/li><li>3M Oral Care<\/li><\/ul><\/li><li><p><strong>Medikal Teknoloji ve Yaz\u0131l\u0131m:<\/strong><\/p><ul><li>Cerner Corporation<\/li><li>Epic Systems<\/li><li>McKesson Corporation<\/li><li>Athenahealth<\/li><li>Allscripts<\/li><\/ul><\/li><\/ol><\/div><style>.porto-u-2483.porto-u-heading{text-align:left}<\/style><\/div>\t\t<\/div>\n\t\t\t\t<\/div>\n\t\t\t\t\t<\/div>\r\n\t\t\t\t<\/div>\r\n\t\t\t\t\t<\/div>\r\n\t\t\t\t<\/section>\r\n\t\t\t\t\t\t\t<\/div>\n\t\t","protected":false},"excerpt":{"rendered":"<p>Medikal \u00dcr\u00fcn Markalar\u0131 Medikal \u00fcr\u00fcnler geni\u015f bir yelpazede \u00fcr\u00fcnleri kapsar, bu nedenle markalar da \u00e7e\u015fitli kategorilerde bulunabilir. A\u015fa\u011f\u0131da, \u00e7e\u015fitli medikal \u00fcr\u00fcn kategorilerinde tan\u0131nm\u0131\u015f markalardan baz\u0131lar\u0131 verilmi\u015ftir. Ancak, l\u00fctfen unutmay\u0131n ki bu bilgiler 2022&#8217;nin sonuna kadar olan verilere dayanmaktad\u0131r ve marka listesi zaman i\u00e7inde de\u011fi\u015febilir: T\u0131bbi Cihazlar: Siemens Healthineers General Electric (GE) Healthcare Philips Healthcare Medtronic [&hellip;]<\/p>\n","protected":false},"author":1,"featured_media":0,"parent":0,"menu_order":0,"comment_status":"closed","ping_status":"closed","template":"","meta":{"footnotes":""},"_links":{"self":[{"href":"https:\/\/nobetcimedikal.co\/index.php\/wp-json\/wp\/v2\/pages\/19"}],"collection":[{"href":"https:\/\/nobetcimedikal.co\/index.php\/wp-json\/wp\/v2\/pages"}],"about":[{"href":"https:\/\/nobetcimedikal.co\/index.php\/wp-json\/wp\/v2\/types\/page"}],"author":[{"embeddable":true,"href":"https:\/\/nobetcimedikal.co\/index.php\/wp-json\/wp\/v2\/users\/1"}],"replies":[{"embeddable":true,"href":"https:\/\/nobetcimedikal.co\/index.php\/wp-json\/wp\/v2\/comments?post=19"}],"version-history":[{"count":3,"href":"https:\/\/nobetcimedikal.co\/index.php\/wp-json\/wp\/v2\/pages\/19\/revisions"}],"predecessor-version":[{"id":986,"href":"https:\/\/nobetcimedikal.co\/index.php\/wp-json\/wp\/v2\/pages\/19\/revisions\/986"}],"wp:attachment":[{"href":"https:\/\/nobetcimedikal.co\/index.php\/wp-json\/wp\/v2\/media?parent=19"}],"curies":[{"name":"wp","href":"https:\/\/api.w.org\/{rel}","templated":true}]}}