{"id":145,"date":"2016-09-26T02:08:58","date_gmt":"2016-09-26T02:08:58","guid":{"rendered":"http:\/\/sw-themes.com\/porto_dummy\/?page_id=8"},"modified":"2023-11-20T13:32:04","modified_gmt":"2023-11-20T10:32:04","slug":"about-us","status":"publish","type":"page","link":"https:\/\/nobetcimedikal.co\/index.php\/about-us\/","title":{"rendered":"Hakk\u0131m\u0131zda"},"content":{"rendered":"\t\t<div data-elementor-type=\"wp-page\" data-elementor-id=\"145\" class=\"elementor elementor-145\">\n\t\t\t\t\t\t\t\t\t<section class=\"elementor-section elementor-top-section elementor-element elementor-element-71586ca8 elementor-section-boxed elementor-section-height-default elementor-section-height-default\" data-id=\"71586ca8\" data-element_type=\"section\">\r\n\t\t\r\n\t\t\t\t\t\t\t<div class=\"elementor-container elementor-column-gap-default\">\r\n\t\t\t\t\t\t\t\t\t\t\t<div class=\"elementor-column elementor-col-66 elementor-top-column elementor-element elementor-element-50ca97b4\" data-id=\"50ca97b4\" data-element_type=\"column\">\r\n\t\t\t\t\t<div class=\"elementor-widget-wrap elementor-element-populated\">\r\n\t\t\t\t\t\t\t\t<div class=\"elementor-element elementor-element-7235599 elementor-widget elementor-widget-porto_ultimate_heading\" data-id=\"7235599\" data-element_type=\"widget\" data-widget_type=\"porto_ultimate_heading.default\">\n\t\t\t\t<div class=\"elementor-widget-container\">\n\t\t\t<div class=\"porto-u-heading  porto-u-2617\"><div class=\"porto-u-main-heading\"><h2    style=\"margin-bottom: 16px;\">Kaya Medikal Hizmetleri <\/h2><\/div><div class=\"porto-u-sub-heading\" style=\"\"><p>N\u00f6bet\u00e7i medikal hizmeti, t\u0131bbi yard\u0131m\u0131n belirli saatlerde ve g\u00fcnlerde sunulmas\u0131n\u0131 sa\u011flamak amac\u0131yla d\u00fczenlenen bir sistemdir. Bu hizmet, acil durumlar ve di\u011fer beklenmedik sa\u011fl\u0131k sorunlar\u0131 i\u00e7in halka 24 saat boyunca eri\u015fim imkan\u0131 sunmay\u0131 ama\u00e7lar. Ancak, bu hizmetin tarih\u00e7esi \u00fclkeden \u00fclkeye, b\u00f6lgeden b\u00f6lgeye ve sa\u011fl\u0131k sisteminden sa\u011fl\u0131k sistemine farkl\u0131l\u0131k g\u00f6sterebilir.<\/p><p>Genel olarak, n\u00f6bet\u00e7i medikal hizmetlerin tarih\u00e7esi, modern sa\u011fl\u0131k sistemlerinin evrimiyle ba\u011flant\u0131l\u0131d\u0131r. \u0130lk sa\u011fl\u0131k sistemleri genellikle bireysel doktorlar\u0131n veya k\u00fc\u00e7\u00fck gruplar\u0131n \u00e7abalar\u0131na dayan\u0131yordu ve bu nedenle 24 saat boyunca sa\u011fl\u0131k hizmeti sunmak zordu. Ancak, zamanla sa\u011fl\u0131k hizmetlerinin kurumsalla\u015fmas\u0131 ve geli\u015fmesiyle birlikte, n\u00f6bet\u00e7i medikal hizmetler daha belirgin bir \u015fekilde ortaya \u00e7\u0131kmaya ba\u015flad\u0131.<\/p><ol start=\"20\"><li>y\u00fczy\u0131l\u0131n ortalar\u0131nda, hastaneler ve sa\u011fl\u0131k kurumlar\u0131 daha fazla uzmanl\u0131k alan\u0131nda hizmet vermeye ba\u015flad\u0131. Acil servis birimleri ve n\u00f6bet\u00e7i doktorlar, acil durumlar ve beklenmedik sa\u011fl\u0131k sorunlar\u0131 i\u00e7in s\u00fcrekli hizmet sunmaya ba\u015flad\u0131. Bu s\u00fcre\u00e7, sa\u011fl\u0131k hizmetlerinin 24 saat boyunca devam etmesini sa\u011flamak \u00fczere d\u00fczenlenmi\u015f n\u00f6bet sistemlerinin olu\u015fturulmas\u0131na yol a\u00e7t\u0131.<\/li><\/ol><p>G\u00fcn\u00fcm\u00fczde, bir\u00e7ok \u00fclkede n\u00f6bet\u00e7i medikal hizmetler standart bir uygulama haline gelmi\u015ftir. Acil servis birimleri, n\u00f6bet\u00e7i doktorlar, ambulans hizmetleri ve benzeri unsurlar, sa\u011fl\u0131k sistemlerinin her an sa\u011fl\u0131k hizmeti sunabilme kapasitesini art\u0131rmak i\u00e7in d\u00fczenlenmi\u015ftir. Bu hizmetler genellikle acil durumlar, kaza ve yaralanmalar, ani hastal\u0131klar ve di\u011fer \u00f6nemli sa\u011fl\u0131k sorunlar\u0131 i\u00e7in halka hizmet verir.<\/p><\/div><style>.porto-u-2617.porto-u-heading{text-align:left}<\/style><\/div>\t\t<\/div>\n\t\t\t\t<\/div>\n\t\t\t\t\t<\/div>\r\n\t\t\t\t<\/div>\r\n\t\t\t\t<div class=\"elementor-column elementor-col-33 elementor-top-column elementor-element elementor-element-a9778fe\" data-id=\"a9778fe\" data-element_type=\"column\">\r\n\t\t\t\t\t<div class=\"elementor-widget-wrap elementor-element-populated\">\r\n\t\t\t\t\t\t\t\t<div class=\"elementor-element elementor-element-2900b1b mt-2 mb-4 elementor-widget elementor-widget-porto_image_gallery\" data-id=\"2900b1b\" data-element_type=\"widget\" data-settings=\"{&quot;view&quot;:&quot;slider&quot;,&quot;spacing&quot;:{&quot;unit&quot;:&quot;px&quot;,&quot;size&quot;:&quot;&quot;,&quot;sizes&quot;:[]}}\" data-widget_type=\"porto_image_gallery.default\">\n\t\t\t\t<div class=\"elementor-widget-container\">\n\t\t\t<div class=\"porto-gallery has-ccols ccols-1 porto-carousel owl-carousel nav-inside align-items-start\" data-plugin-options=\"{&quot;autoplayTimeout&quot;:0,&quot;items&quot;:1,&quot;xl&quot;:1,&quot;lg&quot;:1,&quot;md&quot;:1,&quot;sm&quot;:1,&quot;xs&quot;:1,&quot;nav&quot;:&quot;&quot;,&quot;dots&quot;:&quot;yes&quot;}\"><figure><img fetchpriority=\"high\" decoding=\"async\" width=\"360\" height=\"180\" src=\"https:\/\/nobetcimedikal.co\/wp-content\/uploads\/2020\/06\/gallery-2.jpg\" class=\"attachment-full size-full\" alt=\"gallery\" \/><\/figure><figure><img decoding=\"async\" width=\"360\" height=\"180\" src=\"https:\/\/nobetcimedikal.co\/wp-content\/uploads\/2020\/06\/gallery-3.jpg\" class=\"attachment-full size-full\" alt=\"gallery\" \/><\/figure><figure><img decoding=\"async\" width=\"360\" height=\"180\" src=\"https:\/\/nobetcimedikal.co\/wp-content\/uploads\/2020\/06\/gallery-4.jpg\" class=\"attachment-full size-full\" alt=\"gallery\" \/><\/figure><\/div>\t\t<\/div>\n\t\t\t\t<\/div>\n\t\t\t\t<div class=\"elementor-element elementor-element-7c128ca elementor-invisible elementor-widget elementor-widget-porto_stat_counter\" data-id=\"7c128ca\" data-element_type=\"widget\" data-settings=\"{&quot;_animation&quot;:&quot;fadeIn&quot;,&quot;_animation_delay&quot;:&quot;200&quot;}\" data-widget_type=\"porto_stat_counter.default\">\n\t\t\t\t<div class=\"elementor-widget-container\">\n\t\t\t<div class=\"stats-block stats-top\"><div class=\"stats-desc\"><div id=\"counter_3540946786a04ea38e039f\" data-id=\"counter_3540946786a04ea38e039f\" class=\"stats-number\" style=\" \" data-speed=\"3\" data-counter-value=\"15\" data-separator=\",\" data-decimal=\".\">0<\/div><div class=\"stats-text\" style=\"\">Sekt\u00f6rdeki Y\u0131l\u0131m\u0131z<\/div><\/div><\/div>\t\t<\/div>\n\t\t\t\t<\/div>\n\t\t\t\t<div class=\"elementor-element elementor-element-3cc4a09 elementor-invisible elementor-widget elementor-widget-porto_stat_counter\" data-id=\"3cc4a09\" data-element_type=\"widget\" data-settings=\"{&quot;_animation&quot;:&quot;fadeIn&quot;,&quot;_animation_delay&quot;:&quot;500&quot;}\" data-widget_type=\"porto_stat_counter.default\">\n\t\t\t\t<div class=\"elementor-widget-container\">\n\t\t\t<div class=\"stats-block stats-top\"><div class=\"stats-desc\"><div id=\"counter_11556704956a04ea38e0d5e\" data-id=\"counter_11556704956a04ea38e0d5e\" class=\"stats-number\" style=\" \" data-speed=\"3\" data-counter-value=\"52\" data-separator=\",\" data-decimal=\".\">0<\/div><div class=\"stats-text\" style=\"\">\u00c7al\u0131\u015fm\u0131\u015f Oldu\u011fumuz Kurum<\/div><\/div><\/div>\t\t<\/div>\n\t\t\t\t<\/div>\n\t\t\t\t<div class=\"elementor-element elementor-element-18eba40 elementor-invisible elementor-widget elementor-widget-porto_stat_counter\" data-id=\"18eba40\" data-element_type=\"widget\" data-settings=\"{&quot;_animation&quot;:&quot;fadeIn&quot;,&quot;_animation_delay&quot;:&quot;800&quot;}\" data-widget_type=\"porto_stat_counter.default\">\n\t\t\t\t<div class=\"elementor-widget-container\">\n\t\t\t<div class=\"stats-block stats-top\"><div class=\"stats-desc\"><div id=\"counter_20267528726a04ea38e15e0\" data-id=\"counter_20267528726a04ea38e15e0\" class=\"stats-number\" style=\" \" data-speed=\"3\" data-counter-value=\"99\" data-separator=\",\" data-decimal=\".\">0<\/div><div class=\"stats-text\" style=\"\">M\u00fc\u015fteri Memnuniyet Oran\u0131m\u0131z<\/div><\/div><\/div>\t\t<\/div>\n\t\t\t\t<\/div>\n\t\t\t\t\t<\/div>\r\n\t\t\t\t<\/div>\r\n\t\t\t\t\t<\/div>\r\n\t\t\t\t<\/section>\r\n\t\t\t\t\t\t\t<\/div>\n\t\t","protected":false},"excerpt":{"rendered":"<p>Kaya Medikal Hizmetleri N\u00f6bet\u00e7i medikal hizmeti, t\u0131bbi yard\u0131m\u0131n belirli saatlerde ve g\u00fcnlerde sunulmas\u0131n\u0131 sa\u011flamak amac\u0131yla d\u00fczenlenen bir sistemdir. Bu hizmet, acil durumlar ve di\u011fer beklenmedik sa\u011fl\u0131k sorunlar\u0131 i\u00e7in halka 24 saat boyunca eri\u015fim imkan\u0131 sunmay\u0131 ama\u00e7lar. Ancak, bu hizmetin tarih\u00e7esi \u00fclkeden \u00fclkeye, b\u00f6lgeden b\u00f6lgeye ve sa\u011fl\u0131k sisteminden sa\u011fl\u0131k sistemine farkl\u0131l\u0131k g\u00f6sterebilir. Genel olarak, n\u00f6bet\u00e7i medikal [&hellip;]<\/p>\n","protected":false},"author":1,"featured_media":0,"parent":0,"menu_order":0,"comment_status":"closed","ping_status":"closed","template":"","meta":{"footnotes":""},"_links":{"self":[{"href":"https:\/\/nobetcimedikal.co\/index.php\/wp-json\/wp\/v2\/pages\/145"}],"collection":[{"href":"https:\/\/nobetcimedikal.co\/index.php\/wp-json\/wp\/v2\/pages"}],"about":[{"href":"https:\/\/nobetcimedikal.co\/index.php\/wp-json\/wp\/v2\/types\/page"}],"author":[{"embeddable":true,"href":"https:\/\/nobetcimedikal.co\/index.php\/wp-json\/wp\/v2\/users\/1"}],"replies":[{"embeddable":true,"href":"https:\/\/nobetcimedikal.co\/index.php\/wp-json\/wp\/v2\/comments?post=145"}],"version-history":[{"count":5,"href":"https:\/\/nobetcimedikal.co\/index.php\/wp-json\/wp\/v2\/pages\/145\/revisions"}],"predecessor-version":[{"id":1022,"href":"https:\/\/nobetcimedikal.co\/index.php\/wp-json\/wp\/v2\/pages\/145\/revisions\/1022"}],"wp:attachment":[{"href":"https:\/\/nobetcimedikal.co\/index.php\/wp-json\/wp\/v2\/media?parent=145"}],"curies":[{"name":"wp","href":"https:\/\/api.w.org\/{rel}","templated":true}]}}